{"id":4819,"date":"2026-02-16T12:21:39","date_gmt":"2026-02-16T17:21:39","guid":{"rendered":"https:\/\/camaraboquete.org\/?page_id=4819"},"modified":"2026-02-19T11:54:45","modified_gmt":"2026-02-19T16:54:45","slug":"formulario-de-afiliacion","status":"publish","type":"page","link":"https:\/\/camaraboquete.org\/en\/formulario-de-afiliacion\/","title":{"rendered":"Membership Form"},"content":{"rendered":"\t\t<div data-elementor-type=\"wp-page\" data-elementor-id=\"4819\" class=\"elementor elementor-4819\" data-elementor-post-type=\"page\">\n\t\t\t\t<div class=\"elementor-element elementor-element-48ec27a e-flex e-con-boxed e-con e-parent\" data-id=\"48ec27a\" data-element_type=\"container\" data-e-type=\"container\">\n\t\t\t\t\t<div class=\"e-con-inner\">\n\t\t\t\t<div class=\"elementor-element elementor-element-2f758d3 elementor-widget elementor-widget-text-editor\" data-id=\"2f758d3\" data-element_type=\"widget\" data-e-type=\"widget\" data-widget_type=\"text-editor.default\">\n\t\t\t\t\t\t\t\t\t<p style=\"text-align: center;\"><strong>Bienvenido a la C\u00e1mara de Turismo, Comercio, Industrias y Agricultura de Boquete<\/strong><\/p><div>Para formar parte de nuestra membres\u00eda, es necesario completar el formulario de inscripci\u00f3n y adjuntar los siguientes documentos: aviso de operaci\u00f3n, copia de c\u00e9dula y el logotipo de su empresa.<\/div><div>\u00a0<\/div><div>Para cualquier consulta o informaci\u00f3n adicional, no dude en contactarme a los siguientes n\u00fameros<\/div><div>Oficina: 7781543<\/div><div>Celular: 6629-1096\u00a0<\/div><div>\u00a0<\/div><div>Lo invitamos cordialmente a seguirnos en nuestras redes sociales, en <a href=\"https:\/\/www.instagram.com\/camaradecomercioboquete\">Instagram<\/a> y visitar nuestra <a href=\"https:\/\/camaraboquete.org\/\">P\u00e1gina Web<\/a>, donde podr\u00e1 mantenerse informado sobre nuestras actividades, eventos y oportunidades de participaci\u00f3n.<\/div>\t\t\t\t\t\t\t\t<\/div>\n\t\t\t\t\t<\/div>\n\t\t\t\t<\/div>\n\t\t<div class=\"elementor-element elementor-element-bc1c749 e-flex e-con-boxed e-con e-parent\" data-id=\"bc1c749\" data-element_type=\"container\" data-e-type=\"container\">\n\t\t\t\t\t<div class=\"e-con-inner\">\n\t\t\t\t<div class=\"elementor-element elementor-element-0204040 elementor-button-align-end elementor-widget elementor-widget-form\" data-id=\"0204040\" data-element_type=\"widget\" data-e-type=\"widget\" data-settings=\"{&quot;step_next_label&quot;:&quot;Siguiente&quot;,&quot;step_previous_label&quot;:&quot;Anterior&quot;,&quot;button_width&quot;:&quot;100&quot;,&quot;step_type&quot;:&quot;number_text&quot;,&quot;step_icon_shape&quot;:&quot;circle&quot;}\" data-widget_type=\"form.default\">\n\t\t\t\t\t\t\t<form class=\"elementor-form\" method=\"post\" name=\"Nuevo formulario\" aria-label=\"Nuevo formulario\">\n\t\t\t<input type=\"hidden\" name=\"post_id\" value=\"4819\"\/>\n\t\t\t<input type=\"hidden\" name=\"form_id\" value=\"0204040\"\/>\n\t\t\t<input type=\"hidden\" name=\"referer_title\" value=\"Formulario de Afiliaci\u00f3n - Camara de Comercio Boquete\" \/>\n\n\t\t\t\t\t\t\t<input type=\"hidden\" name=\"queried_id\" value=\"4819\"\/>\n\t\t\t\n\t\t\t<div class=\"elementor-form-fields-wrapper elementor-labels-above\">\n\t\t\t\t\t\t\t\t<div class=\"elementor-field-type-step elementor-field-group elementor-column elementor-field-group-field_dede7b5 elementor-col-100\">\n\t\t\t\t\t\t\t<div class=\"e-field-step elementor-hidden\" data-label=\"Detalles Empresa\" data-previousButton=\"\" data-nextButton=\"\" data-iconUrl=\"\" data-iconLibrary=\"fas fa-star\" data-icon=\"&lt;svg class=&quot;e-font-icon-svg e-fas-star&quot; viewBox=&quot;0 0 576 512&quot; xmlns=&quot;http:\/\/www.w3.org\/2000\/svg&quot;&gt;&lt;path d=&quot;M259.3 17.8L194 150.2 47.9 171.5c-26.2 3.8-36.7 36.1-17.7 54.6l105.7 103-25 145.5c-4.5 26.3 23.2 46 46.4 33.7L288 439.6l130.7 68.7c23.2 12.2 50.9-7.4 46.4-33.7l-25-145.5 105.7-103c19-18.5 8.5-50.8-17.7-54.6L382 150.2 316.7 17.8c-11.7-23.6-45.6-23.9-57.4 0z&quot;&gt;&lt;\/path&gt;&lt;\/svg&gt;\" ><\/div>\n\n\t\t\t\t\t\t<\/div>\n\t\t\t\t\t\t\t\t<div class=\"elementor-field-type-text elementor-field-group elementor-column elementor-field-group-name elementor-col-100\">\n\t\t\t\t\t\t\t\t\t\t\t\t<label for=\"form-field-name\" class=\"elementor-field-label\">\n\t\t\t\t\t\t\t\tNombre de la Empresa\t\t\t\t\t\t\t<\/label>\n\t\t\t\t\t\t\t\t\t\t\t\t\t\t<input size=\"1\" type=\"text\" name=\"form_fields[name]\" id=\"form-field-name\" class=\"elementor-field elementor-size-sm  elementor-field-textual\" placeholder=\"Nombre\">\n\t\t\t\t\t\t\t\t\t\t\t<\/div>\n\t\t\t\t\t\t\t\t<div class=\"elementor-field-type-text elementor-field-group elementor-column elementor-field-group-field_56d8b50 elementor-col-100 elementor-field-required\">\n\t\t\t\t\t\t\t\t\t\t\t\t<label for=\"form-field-field_56d8b50\" class=\"elementor-field-label\">\n\t\t\t\t\t\t\t\tRaz\u00f3n Social\t\t\t\t\t\t\t<\/label>\n\t\t\t\t\t\t\t\t\t\t\t\t\t\t<input size=\"1\" type=\"text\" name=\"form_fields[field_56d8b50]\" id=\"form-field-field_56d8b50\" class=\"elementor-field elementor-size-sm  elementor-field-textual\" placeholder=\"RUC\" required=\"required\">\n\t\t\t\t\t\t\t\t\t\t\t<\/div>\n\t\t\t\t\t\t\t\t<div class=\"elementor-field-type-text elementor-field-group elementor-column elementor-field-group-field_63561f0 elementor-col-100\">\n\t\t\t\t\t\t\t\t\t\t\t\t<label for=\"form-field-field_63561f0\" class=\"elementor-field-label\">\n\t\t\t\t\t\t\t\tDirecci\u00f3n\t\t\t\t\t\t\t<\/label>\n\t\t\t\t\t\t\t\t\t\t\t\t\t\t<input size=\"1\" type=\"text\" name=\"form_fields[field_63561f0]\" id=\"form-field-field_63561f0\" class=\"elementor-field elementor-size-sm  elementor-field-textual\" placeholder=\"Direcci\u00f3n\">\n\t\t\t\t\t\t\t\t\t\t\t<\/div>\n\t\t\t\t\t\t\t\t<div class=\"elementor-field-type-text elementor-field-group elementor-column elementor-field-group-message elementor-col-100 elementor-field-required\">\n\t\t\t\t\t\t\t\t\t\t\t\t<label for=\"form-field-message\" class=\"elementor-field-label\">\n\t\t\t\t\t\t\t\tNombre Completo \/Represente Legal\t\t\t\t\t\t\t<\/label>\n\t\t\t\t\t\t\t\t\t\t\t\t\t\t<input size=\"1\" type=\"text\" name=\"form_fields[message]\" id=\"form-field-message\" class=\"elementor-field elementor-size-sm  elementor-field-textual\" placeholder=\"Nombre\" required=\"required\">\n\t\t\t\t\t\t\t\t\t\t\t<\/div>\n\t\t\t\t\t\t\t\t<div class=\"elementor-field-type-email elementor-field-group elementor-column elementor-field-group-email elementor-col-100 elementor-field-required\">\n\t\t\t\t\t\t\t\t\t\t\t\t<label for=\"form-field-email\" class=\"elementor-field-label\">\n\t\t\t\t\t\t\t\tCorreo electr\u00f3nico\t\t\t\t\t\t\t<\/label>\n\t\t\t\t\t\t\t\t\t\t\t\t\t\t<input size=\"1\" type=\"email\" name=\"form_fields[email]\" id=\"form-field-email\" class=\"elementor-field elementor-size-sm  elementor-field-textual\" placeholder=\"Correo electr\u00f3nico\" required=\"required\">\n\t\t\t\t\t\t\t\t\t\t\t<\/div>\n\t\t\t\t\t\t\t\t<div class=\"elementor-field-type-tel elementor-field-group elementor-column elementor-field-group-field_ac4090b elementor-col-100 elementor-field-required\">\n\t\t\t\t\t\t\t\t\t\t\t\t<label for=\"form-field-field_ac4090b\" class=\"elementor-field-label\">\n\t\t\t\t\t\t\t\tTel\u00e9fono\t\t\t\t\t\t\t<\/label>\n\t\t\t\t\t\t\t\t<input size=\"1\" type=\"tel\" name=\"form_fields[field_ac4090b]\" id=\"form-field-field_ac4090b\" class=\"elementor-field elementor-size-sm  elementor-field-textual\" placeholder=\"Tel\u00e9fono\" required=\"required\" pattern=\"[0-9()#&amp;+*-=.]+\" title=\"Solo se aceptan n\u00fameros y caracteres de tel\u00e9fono (#,-,*,etc).\">\n\n\t\t\t\t\t\t<\/div>\n\t\t\t\t\t\t\t\t<div class=\"elementor-field-type-select elementor-field-group elementor-column elementor-field-group-field_de61eac elementor-col-100\">\n\t\t\t\t\t\t\t\t\t\t\t\t<label for=\"form-field-field_de61eac\" class=\"elementor-field-label\">\n\t\t\t\t\t\t\t\tTipo de Persona\t\t\t\t\t\t\t<\/label>\n\t\t\t\t\t\t\t\t<div class=\"elementor-field elementor-select-wrapper remove-before \">\n\t\t\t<div class=\"select-caret-down-wrapper\">\n\t\t\t\t<svg aria-hidden=\"true\" class=\"e-font-icon-svg e-eicon-caret-down\" viewBox=\"0 0 571.4 571.4\" xmlns=\"http:\/\/www.w3.org\/2000\/svg\"><path d=\"M571 393Q571 407 561 418L311 668Q300 679 286 679T261 668L11 418Q0 407 0 393T11 368 36 357H536Q550 357 561 368T571 393Z\"><\/path><\/svg>\t\t\t<\/div>\n\t\t\t<select name=\"form_fields[field_de61eac]\" id=\"form-field-field_de61eac\" class=\"elementor-field-textual elementor-size-sm\">\n\t\t\t\t\t\t\t\t\t<option value=\"Jur\u00eddica\">Jur\u00eddica<\/option>\n\t\t\t\t\t\t\t\t\t<option value=\"Natural\">Natural<\/option>\n\t\t\t\t\t\t\t\t\t<option value=\"Independiente\">Independiente<\/option>\n\t\t\t\t\t\t\t<\/select>\n\t\t<\/div>\n\t\t\t\t\t\t<\/div>\n\t\t\t\t\t\t\t\t<div class=\"elementor-field-type-select elementor-field-group elementor-column elementor-field-group-field_3d4ceae elementor-col-50\">\n\t\t\t\t\t\t\t\t\t\t\t\t<label for=\"form-field-field_3d4ceae\" class=\"elementor-field-label\">\n\t\t\t\t\t\t\t\tIndustria\t\t\t\t\t\t\t<\/label>\n\t\t\t\t\t\t\t\t<div class=\"elementor-field elementor-select-wrapper remove-before \">\n\t\t\t<div class=\"select-caret-down-wrapper\">\n\t\t\t\t<svg aria-hidden=\"true\" class=\"e-font-icon-svg e-eicon-caret-down\" viewBox=\"0 0 571.4 571.4\" xmlns=\"http:\/\/www.w3.org\/2000\/svg\"><path d=\"M571 393Q571 407 561 418L311 668Q300 679 286 679T261 668L11 418Q0 407 0 393T11 368 36 357H536Q550 357 561 368T571 393Z\"><\/path><\/svg>\t\t\t<\/div>\n\t\t\t<select name=\"form_fields[field_3d4ceae]\" id=\"form-field-field_3d4ceae\" class=\"elementor-field-textual elementor-size-sm\">\n\t\t\t\t\t\t\t\t\t<option value=\"Bienes y Raices\">Bienes y Raices<\/option>\n\t\t\t\t\t\t\t\t\t<option value=\"Comercio al por Mayor\">Comercio al por Mayor<\/option>\n\t\t\t\t\t\t\t\t\t<option value=\"Comercio al por Menor\">Comercio al por Menor<\/option>\n\t\t\t\t\t\t\t\t\t<option value=\"Cooperativa\">Cooperativa<\/option>\n\t\t\t\t\t\t\t\t\t<option value=\"Hospedaje\">Hospedaje<\/option>\n\t\t\t\t\t\t\t\t\t<option value=\"Legal\">Legal<\/option>\n\t\t\t\t\t\t\t\t\t<option value=\"Log\u00edstica\">Log\u00edstica<\/option>\n\t\t\t\t\t\t\t\t\t<option value=\"Transporte\">Transporte<\/option>\n\t\t\t\t\t\t\t\t\t<option value=\"Agropecuaria\">Agropecuaria<\/option>\n\t\t\t\t\t\t\t\t\t<option value=\"Salud\">Salud<\/option>\n\t\t\t\t\t\t\t\t\t<option value=\"Turismo\">Turismo<\/option>\n\t\t\t\t\t\t\t\t\t<option value=\"Gastronom\u00eda\">Gastronom\u00eda<\/option>\n\t\t\t\t\t\t\t\t\t<option value=\"Tecnolog\u00eda\">Tecnolog\u00eda<\/option>\n\t\t\t\t\t\t\t\t\t<option value=\"Servicios\">Servicios<\/option>\n\t\t\t\t\t\t\t\t\t<option value=\"Sin Fines de Lucro\">Sin Fines de Lucro<\/option>\n\t\t\t\t\t\t\t\t\t<option value=\"\"><\/option>\n\t\t\t\t\t\t\t<\/select>\n\t\t<\/div>\n\t\t\t\t\t\t<\/div>\n\t\t\t\t\t\t\t\t<div class=\"elementor-field-type-step elementor-field-group elementor-column elementor-field-group-field_8d3e73c elementor-col-100\">\n\t\t\t\t\t\t\t<div class=\"e-field-step elementor-hidden\" data-label=\"Representante ante la C\u00e1mara\" data-previousButton=\"\" data-nextButton=\"\" data-iconUrl=\"\" data-iconLibrary=\"fas fa-star\" data-icon=\"&lt;svg class=&quot;e-font-icon-svg e-fas-star&quot; viewBox=&quot;0 0 576 512&quot; xmlns=&quot;http:\/\/www.w3.org\/2000\/svg&quot;&gt;&lt;path d=&quot;M259.3 17.8L194 150.2 47.9 171.5c-26.2 3.8-36.7 36.1-17.7 54.6l105.7 103-25 145.5c-4.5 26.3 23.2 46 46.4 33.7L288 439.6l130.7 68.7c23.2 12.2 50.9-7.4 46.4-33.7l-25-145.5 105.7-103c19-18.5 8.5-50.8-17.7-54.6L382 150.2 316.7 17.8c-11.7-23.6-45.6-23.9-57.4 0z&quot;&gt;&lt;\/path&gt;&lt;\/svg&gt;\" ><\/div>\n\n\t\t\t\t\t\t<\/div>\n\t\t\t\t\t\t\t\t<div class=\"elementor-field-type-text elementor-field-group elementor-column elementor-field-group-field_71c2afb elementor-col-100\">\n\t\t\t\t\t\t\t\t\t\t\t\t<label for=\"form-field-field_71c2afb\" class=\"elementor-field-label\">\n\t\t\t\t\t\t\t\tNombre Completo \/Contacto\t\t\t\t\t\t\t<\/label>\n\t\t\t\t\t\t\t\t\t\t\t\t\t\t<input size=\"1\" type=\"text\" name=\"form_fields[field_71c2afb]\" id=\"form-field-field_71c2afb\" class=\"elementor-field elementor-size-sm  elementor-field-textual\" placeholder=\"Nombre\">\n\t\t\t\t\t\t\t\t\t\t\t<\/div>\n\t\t\t\t\t\t\t\t<div class=\"elementor-field-type-tel elementor-field-group elementor-column elementor-field-group-field_59bd44e elementor-col-100\">\n\t\t\t\t\t\t\t\t\t\t\t\t<label for=\"form-field-field_59bd44e\" class=\"elementor-field-label\">\n\t\t\t\t\t\t\t\tTel\u00e9fono\t\t\t\t\t\t\t<\/label>\n\t\t\t\t\t\t\t\t<input size=\"1\" type=\"tel\" name=\"form_fields[field_59bd44e]\" id=\"form-field-field_59bd44e\" class=\"elementor-field elementor-size-sm  elementor-field-textual\" placeholder=\"Tel\u00e9fono\" pattern=\"[0-9()#&amp;+*-=.]+\" title=\"Solo se aceptan n\u00fameros y caracteres de tel\u00e9fono (#,-,*,etc).\">\n\n\t\t\t\t\t\t<\/div>\n\t\t\t\t\t\t\t\t<div class=\"elementor-field-type-email elementor-field-group elementor-column elementor-field-group-field_0df8020 elementor-col-100\">\n\t\t\t\t\t\t\t\t\t\t\t\t<label for=\"form-field-field_0df8020\" class=\"elementor-field-label\">\n\t\t\t\t\t\t\t\tCorreo electr\u00f3nico\t\t\t\t\t\t\t<\/label>\n\t\t\t\t\t\t\t\t\t\t\t\t\t\t<input size=\"1\" type=\"email\" name=\"form_fields[field_0df8020]\" id=\"form-field-field_0df8020\" class=\"elementor-field elementor-size-sm  elementor-field-textual\" placeholder=\"Correo electr\u00f3nico\">\n\t\t\t\t\t\t\t\t\t\t\t<\/div>\n\t\t\t\t\t\t\t\t<div class=\"elementor-field-type-step elementor-field-group elementor-column elementor-field-group-field_e9c6cd7 elementor-col-100\">\n\t\t\t\t\t\t\t<div class=\"e-field-step elementor-hidden\" data-label=\"Adicionales\" data-previousButton=\"\" data-nextButton=\"\" data-iconUrl=\"\" data-iconLibrary=\"fas fa-star\" data-icon=\"&lt;svg class=&quot;e-font-icon-svg e-fas-star&quot; viewBox=&quot;0 0 576 512&quot; xmlns=&quot;http:\/\/www.w3.org\/2000\/svg&quot;&gt;&lt;path d=&quot;M259.3 17.8L194 150.2 47.9 171.5c-26.2 3.8-36.7 36.1-17.7 54.6l105.7 103-25 145.5c-4.5 26.3 23.2 46 46.4 33.7L288 439.6l130.7 68.7c23.2 12.2 50.9-7.4 46.4-33.7l-25-145.5 105.7-103c19-18.5 8.5-50.8-17.7-54.6L382 150.2 316.7 17.8c-11.7-23.6-45.6-23.9-57.4 0z&quot;&gt;&lt;\/path&gt;&lt;\/svg&gt;\" ><\/div>\n\n\t\t\t\t\t\t<\/div>\n\t\t\t\t\t\t\t\t<div class=\"elementor-field-type-text elementor-field-group elementor-column elementor-field-group-field_215fc52 elementor-col-100\">\n\t\t\t\t\t\t\t\t\t\t\t\t<label for=\"form-field-field_215fc52\" class=\"elementor-field-label\">\n\t\t\t\t\t\t\t\tP\u00e1gina Web\t\t\t\t\t\t\t<\/label>\n\t\t\t\t\t\t\t\t\t\t\t\t\t\t<input size=\"1\" type=\"text\" name=\"form_fields[field_215fc52]\" id=\"form-field-field_215fc52\" class=\"elementor-field elementor-size-sm  elementor-field-textual\" placeholder=\"www.sitioweb.com\">\n\t\t\t\t\t\t\t\t\t\t\t<\/div>\n\t\t\t\t\t\t\t\t<div class=\"elementor-field-type-text elementor-field-group elementor-column elementor-field-group-field_3c0e682 elementor-col-100\">\n\t\t\t\t\t\t\t\t\t\t\t\t<label for=\"form-field-field_3c0e682\" class=\"elementor-field-label\">\n\t\t\t\t\t\t\t\tInstagram\t\t\t\t\t\t\t<\/label>\n\t\t\t\t\t\t\t\t\t\t\t\t\t\t<input size=\"1\" type=\"text\" name=\"form_fields[field_3c0e682]\" id=\"form-field-field_3c0e682\" class=\"elementor-field elementor-size-sm  elementor-field-textual\" placeholder=\"@instagram\">\n\t\t\t\t\t\t\t\t\t\t\t<\/div>\n\t\t\t\t\t\t\t\t<div class=\"elementor-field-type-text elementor-field-group elementor-column elementor-field-group-field_557ef51 elementor-col-100\">\n\t\t\t\t\t\t\t\t\t\t\t\t<label for=\"form-field-field_557ef51\" class=\"elementor-field-label\">\n\t\t\t\t\t\t\t\tYoutube\t\t\t\t\t\t\t<\/label>\n\t\t\t\t\t\t\t\t\t\t\t\t\t\t<input size=\"1\" type=\"text\" name=\"form_fields[field_557ef51]\" id=\"form-field-field_557ef51\" class=\"elementor-field elementor-size-sm  elementor-field-textual\" placeholder=\"Youtube\">\n\t\t\t\t\t\t\t\t\t\t\t<\/div>\n\t\t\t\t\t\t\t\t<div class=\"elementor-field-type-text elementor-field-group elementor-column elementor-field-group-field_f937882 elementor-col-100\">\n\t\t\t\t\t\t\t\t\t\t\t\t<label for=\"form-field-field_f937882\" class=\"elementor-field-label\">\n\t\t\t\t\t\t\t\tFacebook\t\t\t\t\t\t\t<\/label>\n\t\t\t\t\t\t\t\t\t\t\t\t\t\t<input size=\"1\" type=\"text\" name=\"form_fields[field_f937882]\" id=\"form-field-field_f937882\" class=\"elementor-field elementor-size-sm  elementor-field-textual\" placeholder=\"Facebook\">\n\t\t\t\t\t\t\t\t\t\t\t<\/div>\n\t\t\t\t\t\t\t\t<div class=\"elementor-field-type-upload elementor-field-group elementor-column elementor-field-group-field_03475c8 elementor-col-100\">\n\t\t\t\t\t\t\t\t\t\t\t\t<label for=\"form-field-field_03475c8\" class=\"elementor-field-label\">\n\t\t\t\t\t\t\t\tAdjuntar \/Aviso de Operaci\u00f3n \/C\u00e9dula \/Logo (pdf, jpg, png)\t\t\t\t\t\t\t<\/label>\n\t\t\t\t\t\t\t\t<input type=\"file\" name=\"form_fields[field_03475c8][]\" id=\"form-field-field_03475c8\" class=\"elementor-field elementor-size-sm  elementor-upload-field\" multiple=\"multiple\" data-maxsize=\"10\" data-maxsize-message=\"Este archivo excede el tama\u00f1o m\u00e1ximo permitido.\">\n\n\t\t\t\t\t\t<\/div>\n\t\t\t\t\t\t\t\t<div class=\"elementor-field-group elementor-column elementor-field-type-submit elementor-col-100 e-form__buttons\">\n\t\t\t\t\t<button class=\"elementor-button elementor-size-sm\" type=\"submit\">\n\t\t\t\t\t\t<span class=\"elementor-button-content-wrapper\">\n\t\t\t\t\t\t\t\t\t\t\t\t\t\t\t\t\t\t\t\t\t\t<span class=\"elementor-button-text\">Enviar<\/span>\n\t\t\t\t\t\t\t\t\t\t\t\t\t<\/span>\n\t\t\t\t\t<\/button>\n\t\t\t\t<\/div>\n\t\t\t<\/div>\n\t\t<\/form>\n\t\t\t\t\t\t<\/div>\n\t\t\t\t\t<\/div>\n\t\t\t\t<\/div>\n\t\t\t\t<\/div>\n\t\t","protected":false},"excerpt":{"rendered":"<p>Bienvenido a la C\u00e1mara de Turismo, Comercio, Industrias y Agricultura de Boquete Para formar parte de nuestra membres\u00eda, es necesario completar el formulario de inscripci\u00f3n y adjuntar los siguientes documentos: [&hellip;]<\/p>\n","protected":false},"author":1,"featured_media":0,"parent":0,"menu_order":0,"comment_status":"closed","ping_status":"closed","template":"","meta":{"_uag_custom_page_level_css":"","footnotes":""},"class_list":["post-4819","page","type-page","status-publish","hentry"],"blocksy_meta":[],"yoast_head":"<!-- This site is optimized with the Yoast SEO plugin v27.3 - https:\/\/yoast.com\/product\/yoast-seo-wordpress\/ -->\n<title>Formulario de Afiliaci\u00f3n - Camara de Comercio Boquete<\/title>\n<meta name=\"robots\" content=\"index, follow, max-snippet:-1, max-image-preview:large, max-video-preview:-1\" \/>\n<link rel=\"canonical\" href=\"https:\/\/camaraboquete.org\/en\/formulario-de-afiliacion\/\" \/>\n<meta property=\"og:locale\" content=\"en_US\" \/>\n<meta property=\"og:type\" content=\"article\" \/>\n<meta property=\"og:title\" content=\"Formulario de Afiliaci\u00f3n - Camara de Comercio Boquete\" \/>\n<meta property=\"og:description\" content=\"Bienvenido a la C\u00e1mara de Turismo, Comercio, Industrias y Agricultura de Boquete Para formar parte de nuestra membres\u00eda, es necesario completar el formulario de inscripci\u00f3n y adjuntar los siguientes documentos: [&hellip;]\" \/>\n<meta property=\"og:url\" content=\"https:\/\/camaraboquete.org\/en\/formulario-de-afiliacion\/\" \/>\n<meta property=\"og:site_name\" content=\"Camara de Comercio Boquete\" \/>\n<meta property=\"article:publisher\" content=\"https:\/\/www.facebook.com\/CamaraBoquete\/?locale=es_LA\" \/>\n<meta property=\"article:modified_time\" content=\"2026-02-19T16:54:45+00:00\" \/>\n<meta name=\"twitter:card\" content=\"summary_large_image\" \/>\n<meta name=\"twitter:label1\" content=\"Est. reading time\" \/>\n\t<meta name=\"twitter:data1\" content=\"1 minute\" \/>\n<script type=\"application\/ld+json\" class=\"yoast-schema-graph\">{\"@context\":\"https:\\\/\\\/schema.org\",\"@graph\":[{\"@type\":\"WebPage\",\"@id\":\"https:\\\/\\\/camaraboquete.org\\\/formulario-de-afiliacion\\\/\",\"url\":\"https:\\\/\\\/camaraboquete.org\\\/formulario-de-afiliacion\\\/\",\"name\":\"Formulario de Afiliaci\u00f3n - Camara de Comercio Boquete\",\"isPartOf\":{\"@id\":\"https:\\\/\\\/camaraboquete.org\\\/#website\"},\"datePublished\":\"2026-02-16T17:21:39+00:00\",\"dateModified\":\"2026-02-19T16:54:45+00:00\",\"breadcrumb\":{\"@id\":\"https:\\\/\\\/camaraboquete.org\\\/formulario-de-afiliacion\\\/#breadcrumb\"},\"inLanguage\":\"en-US\",\"potentialAction\":[{\"@type\":\"ReadAction\",\"target\":[\"https:\\\/\\\/camaraboquete.org\\\/formulario-de-afiliacion\\\/\"]}]},{\"@type\":\"BreadcrumbList\",\"@id\":\"https:\\\/\\\/camaraboquete.org\\\/formulario-de-afiliacion\\\/#breadcrumb\",\"itemListElement\":[{\"@type\":\"ListItem\",\"position\":1,\"name\":\"Portada\",\"item\":\"https:\\\/\\\/camaraboquete.org\\\/\"},{\"@type\":\"ListItem\",\"position\":2,\"name\":\"Formulario de Afiliaci\u00f3n\"}]},{\"@type\":\"WebSite\",\"@id\":\"https:\\\/\\\/camaraboquete.org\\\/#website\",\"url\":\"https:\\\/\\\/camaraboquete.org\\\/\",\"name\":\"Camara de Comercio Boquete\",\"description\":\"C\u00e1mara de Turismo, Comercio, Industria y Agricultura de Boquete\",\"publisher\":{\"@id\":\"https:\\\/\\\/camaraboquete.org\\\/#organization\"},\"alternateName\":\"camaraboquete.org\",\"potentialAction\":[{\"@type\":\"SearchAction\",\"target\":{\"@type\":\"EntryPoint\",\"urlTemplate\":\"https:\\\/\\\/camaraboquete.org\\\/?s={search_term_string}\"},\"query-input\":{\"@type\":\"PropertyValueSpecification\",\"valueRequired\":true,\"valueName\":\"search_term_string\"}}],\"inLanguage\":\"en-US\"},{\"@type\":\"Organization\",\"@id\":\"https:\\\/\\\/camaraboquete.org\\\/#organization\",\"name\":\"Camara de Comercio Boquete\",\"alternateName\":\"C\u00e1mara de Turismo, Comercio, Industria y Agricultura de Boquete\",\"url\":\"https:\\\/\\\/camaraboquete.org\\\/\",\"logo\":{\"@type\":\"ImageObject\",\"inLanguage\":\"en-US\",\"@id\":\"https:\\\/\\\/camaraboquete.org\\\/#\\\/schema\\\/logo\\\/image\\\/\",\"url\":\"https:\\\/\\\/camaraboquete.org\\\/wp-content\\\/uploads\\\/2025\\\/07\\\/logo-camara-boquete.webp\",\"contentUrl\":\"https:\\\/\\\/camaraboquete.org\\\/wp-content\\\/uploads\\\/2025\\\/07\\\/logo-camara-boquete.webp\",\"width\":782,\"height\":782,\"caption\":\"Camara de Comercio Boquete\"},\"image\":{\"@id\":\"https:\\\/\\\/camaraboquete.org\\\/#\\\/schema\\\/logo\\\/image\\\/\"},\"sameAs\":[\"https:\\\/\\\/www.facebook.com\\\/CamaraBoquete\\\/?locale=es_LA\"]}]}<\/script>\n<!-- \/ Yoast SEO plugin. -->","yoast_head_json":{"title":"Formulario de Afiliaci\u00f3n - Camara de Comercio Boquete","robots":{"index":"index","follow":"follow","max-snippet":"max-snippet:-1","max-image-preview":"max-image-preview:large","max-video-preview":"max-video-preview:-1"},"canonical":"https:\/\/camaraboquete.org\/en\/formulario-de-afiliacion\/","og_locale":"en_US","og_type":"article","og_title":"Formulario de Afiliaci\u00f3n - Camara de Comercio Boquete","og_description":"Bienvenido a la C\u00e1mara de Turismo, Comercio, Industrias y Agricultura de Boquete Para formar parte de nuestra membres\u00eda, es necesario completar el formulario de inscripci\u00f3n y adjuntar los siguientes documentos: [&hellip;]","og_url":"https:\/\/camaraboquete.org\/en\/formulario-de-afiliacion\/","og_site_name":"Camara de Comercio Boquete","article_publisher":"https:\/\/www.facebook.com\/CamaraBoquete\/?locale=es_LA","article_modified_time":"2026-02-19T16:54:45+00:00","twitter_card":"summary_large_image","twitter_misc":{"Est. reading time":"1 minute"},"schema":{"@context":"https:\/\/schema.org","@graph":[{"@type":"WebPage","@id":"https:\/\/camaraboquete.org\/formulario-de-afiliacion\/","url":"https:\/\/camaraboquete.org\/formulario-de-afiliacion\/","name":"Formulario de Afiliaci\u00f3n - Camara de Comercio Boquete","isPartOf":{"@id":"https:\/\/camaraboquete.org\/#website"},"datePublished":"2026-02-16T17:21:39+00:00","dateModified":"2026-02-19T16:54:45+00:00","breadcrumb":{"@id":"https:\/\/camaraboquete.org\/formulario-de-afiliacion\/#breadcrumb"},"inLanguage":"en-US","potentialAction":[{"@type":"ReadAction","target":["https:\/\/camaraboquete.org\/formulario-de-afiliacion\/"]}]},{"@type":"BreadcrumbList","@id":"https:\/\/camaraboquete.org\/formulario-de-afiliacion\/#breadcrumb","itemListElement":[{"@type":"ListItem","position":1,"name":"Portada","item":"https:\/\/camaraboquete.org\/"},{"@type":"ListItem","position":2,"name":"Formulario de Afiliaci\u00f3n"}]},{"@type":"WebSite","@id":"https:\/\/camaraboquete.org\/#website","url":"https:\/\/camaraboquete.org\/","name":"Camara de Comercio Boquete","description":"Boquete Chamber of Tourism, Commerce, Industry and Agriculture","publisher":{"@id":"https:\/\/camaraboquete.org\/#organization"},"alternateName":"camaraboquete.org","potentialAction":[{"@type":"SearchAction","target":{"@type":"EntryPoint","urlTemplate":"https:\/\/camaraboquete.org\/?s={search_term_string}"},"query-input":{"@type":"PropertyValueSpecification","valueRequired":true,"valueName":"search_term_string"}}],"inLanguage":"en-US"},{"@type":"Organization","@id":"https:\/\/camaraboquete.org\/#organization","name":"Camara de Comercio Boquete","alternateName":"C\u00e1mara de Turismo, Comercio, Industria y Agricultura de Boquete","url":"https:\/\/camaraboquete.org\/","logo":{"@type":"ImageObject","inLanguage":"en-US","@id":"https:\/\/camaraboquete.org\/#\/schema\/logo\/image\/","url":"https:\/\/camaraboquete.org\/wp-content\/uploads\/2025\/07\/logo-camara-boquete.webp","contentUrl":"https:\/\/camaraboquete.org\/wp-content\/uploads\/2025\/07\/logo-camara-boquete.webp","width":782,"height":782,"caption":"Camara de Comercio Boquete"},"image":{"@id":"https:\/\/camaraboquete.org\/#\/schema\/logo\/image\/"},"sameAs":["https:\/\/www.facebook.com\/CamaraBoquete\/?locale=es_LA"]}]}},"uagb_featured_image_src":{"full":false,"thumbnail":false,"medium":false,"medium_large":false,"large":false,"1536x1536":false,"2048x2048":false,"trp-custom-language-flag":false,"directorist_preview":false},"uagb_author_info":{"display_name":"C\u00e1mara de Boquete","author_link":"https:\/\/camaraboquete.org\/en\/author\/webcamaraboquetegmail-com\/"},"uagb_comment_info":0,"uagb_excerpt":"Bienvenido a la C\u00e1mara de Turismo, Comercio, Industrias y Agricultura de Boquete Para formar parte de nuestra membres\u00eda, es necesario completar el formulario de inscripci\u00f3n y adjuntar los siguientes documentos: [&hellip;]","_links":{"self":[{"href":"https:\/\/camaraboquete.org\/en\/wp-json\/wp\/v2\/pages\/4819","targetHints":{"allow":["GET"]}}],"collection":[{"href":"https:\/\/camaraboquete.org\/en\/wp-json\/wp\/v2\/pages"}],"about":[{"href":"https:\/\/camaraboquete.org\/en\/wp-json\/wp\/v2\/types\/page"}],"author":[{"embeddable":true,"href":"https:\/\/camaraboquete.org\/en\/wp-json\/wp\/v2\/users\/1"}],"replies":[{"embeddable":true,"href":"https:\/\/camaraboquete.org\/en\/wp-json\/wp\/v2\/comments?post=4819"}],"version-history":[{"count":145,"href":"https:\/\/camaraboquete.org\/en\/wp-json\/wp\/v2\/pages\/4819\/revisions"}],"predecessor-version":[{"id":4977,"href":"https:\/\/camaraboquete.org\/en\/wp-json\/wp\/v2\/pages\/4819\/revisions\/4977"}],"wp:attachment":[{"href":"https:\/\/camaraboquete.org\/en\/wp-json\/wp\/v2\/media?parent=4819"}],"curies":[{"name":"wp","href":"https:\/\/api.w.org\/{rel}","templated":true}]}}